{"id":782,"date":"2018-11-20T15:36:10","date_gmt":"2018-11-20T14:36:10","guid":{"rendered":"https:\/\/fischer-group.ch\/fischer-chemicals-ag\/about-us\/"},"modified":"2024-01-18T13:00:47","modified_gmt":"2024-01-18T12:00:47","slug":"ueber-uns","status":"publish","type":"page","link":"https:\/\/www.fischer-group.ch\/de\/fischer-chemicals\/ueber-uns\/","title":{"rendered":"\u00dcber uns"},"content":{"rendered":"<div id=\"pl-782\"  class=\"panel-layout\" ><div id=\"pg-782-0\"  class=\"panel-grid panel-has-style\" ><div class=\"inside-content panel-row-style panel-row-style-for-782-0\" ><div id=\"pgc-782-0-0\"  class=\"panel-grid-cell\" ><div id=\"panel-782-0-0-0\" class=\"so-panel widget widget_sow-image panel-first-child panel-last-child\" data-index=\"0\" ><div\n\t\t\t\n\t\t\tclass=\"so-widget-sow-image so-widget-sow-image-default-8b5b6f678277-782\"\n\t\t\t\n\t\t>\n<div class=\"sow-image-container\">\n\t\t<img \n\tsrc=\"https:\/\/www.fischer-group.ch\/wp-content\/uploads\/2019\/01\/998_011803_Bilder_1000x1000_rz_v1_2.jpg\" width=\"1000\" height=\"1000\" srcset=\"https:\/\/www.fischer-group.ch\/wp-content\/uploads\/2019\/01\/998_011803_Bilder_1000x1000_rz_v1_2.jpg 1000w, https:\/\/www.fischer-group.ch\/wp-content\/uploads\/2019\/01\/998_011803_Bilder_1000x1000_rz_v1_2-150x150.jpg 150w, https:\/\/www.fischer-group.ch\/wp-content\/uploads\/2019\/01\/998_011803_Bilder_1000x1000_rz_v1_2-300x300.jpg 300w, https:\/\/www.fischer-group.ch\/wp-content\/uploads\/2019\/01\/998_011803_Bilder_1000x1000_rz_v1_2-768x768.jpg 768w, https:\/\/www.fischer-group.ch\/wp-content\/uploads\/2019\/01\/998_011803_Bilder_1000x1000_rz_v1_2-600x600.jpg 600w\" sizes=\"(max-width: 1000px) 100vw, 1000px\" alt=\"\" \t\tclass=\"so-widget-image\"\/>\n\t<\/div>\n\n<\/div><\/div><\/div><div id=\"pgc-782-0-1\"  class=\"panel-grid-cell\" ><div id=\"panel-782-0-1-0\" class=\"so-panel widget widget_sow-editor panel-first-child panel-last-child\" data-index=\"1\" ><div\n\t\t\t\n\t\t\tclass=\"so-widget-sow-editor so-widget-sow-editor-base\"\n\t\t\t\n\t\t>\n<div class=\"siteorigin-widget-tinymce textwidget\">\n\t<h1><strong>\u00dcber uns<\/strong><\/h1>\n<p>Die drei ineinander verschlungenen Fische stellen seit 1447 das Wappen der Familie Fischer dar und symbolisieren die enge Beziehung und starke Bindung der Familienmitglieder. Die Dynamik unseres Unternehmens wird durch die beiden farbigen Balken des Logos zum Ausdruck gebracht. Fische und Farbbalken bilden zusammen unser Logo und repr\u00e4sentieren die FISCHER CHEMICALS AG.<\/p>\n<p>Unser Motto: Engagement f\u00fcr Qualit\u00e4t, Kompetenz und Innovation. Diese drei Grunds\u00e4tze sind Rahmen und Richtlinien f\u00fcr unsere Mitarbeiter bei FISCHER CHEMICALS AG. Sie leisten einen wesentlichen Beitrag hinsichtlich unserer derzeitigen Marktposition und Bekanntheit.<\/p>\n<p>Unser Unternehmen ruht auf zwei S\u00e4ulen. Zum einen ist das unsere Professionalit\u00e4t und zum anderen unsere Gesch\u00e4ftsbeziehungen zu Herstellern rund um den Globus. Wir stehen f\u00fcr freien Wettbewerb, Qualit\u00e4t, Wachstum und Spitzenleistung sowie kontinuierliche Qualit\u00e4tsverbesserung in allen Gesch\u00e4ftsbereichen. Wir binden internationale Qualit\u00e4tsrichtlinien konsequent in unsere Unternehmensphilosophie ein und schaffen so die Voraussetzungen f\u00fcr kundenorientierte und effiziente Dienstleistungen.<\/p>\n<p>FISCHER CHEMICALS AG ber\u00fccksichtigt bei seinen Entscheidungen alle politischen, wirtschaftlichen und sozialen Bedingungen, die im jeweiligen Land bzw. dem entsprechenden geographischen Gebiet gelten.<\/p>\n<p>Wir sind Ihr Partner f\u00fcr eine dauerhafte, vertrauensvolle und erfolgreiche Zusammenarbeit!<\/p>\n<p><a href=\"https:\/\/www.fischer-group.ch\/wp-content\/uploads\/2024\/01\/FischerChemicals_Imagebroschuere.pdf\" target=\"_blank\" rel=\"noopener\">Brosch\u00fcre<\/a><\/p>\n<p><a class=\"back fc\" href=\"http:\/\/fischer-group.ch\/de\/fischer-chemicals\/\"><i class=\"fa fa-chevron-left\" aria-hidden=\"true\"><\/i>zur\u00fcck<\/a><\/p>\n<\/div>\n<\/div><\/div><\/div><\/div><\/div><\/div>","protected":false},"excerpt":{"rendered":"<p>\u00dcber uns Die drei ineinander verschlungenen Fische stellen seit 1447 das Wappen der Familie Fischer dar und symbolisieren die enge Beziehung und starke Bindung der Familienmitglieder. Die Dynamik unseres Unternehmens wird durch die beiden farbigen Balken des Logos zum Ausdruck gebracht. Fische und Farbbalken bilden zusammen unser Logo und repr\u00e4sentieren die FISCHER CHEMICALS AG. Unser [&hellip;]<\/p>\n","protected":false},"author":1,"featured_media":0,"parent":698,"menu_order":0,"comment_status":"closed","ping_status":"closed","template":"","meta":{"footnotes":""},"class_list":["post-782","page","type-page","status-publish","hentry"],"aioseo_notices":[],"_links":{"self":[{"href":"https:\/\/www.fischer-group.ch\/de\/wp-json\/wp\/v2\/pages\/782","targetHints":{"allow":["GET"]}}],"collection":[{"href":"https:\/\/www.fischer-group.ch\/de\/wp-json\/wp\/v2\/pages"}],"about":[{"href":"https:\/\/www.fischer-group.ch\/de\/wp-json\/wp\/v2\/types\/page"}],"author":[{"embeddable":true,"href":"https:\/\/www.fischer-group.ch\/de\/wp-json\/wp\/v2\/users\/1"}],"replies":[{"embeddable":true,"href":"https:\/\/www.fischer-group.ch\/de\/wp-json\/wp\/v2\/comments?post=782"}],"version-history":[{"count":7,"href":"https:\/\/www.fischer-group.ch\/de\/wp-json\/wp\/v2\/pages\/782\/revisions"}],"predecessor-version":[{"id":1756,"href":"https:\/\/www.fischer-group.ch\/de\/wp-json\/wp\/v2\/pages\/782\/revisions\/1756"}],"up":[{"embeddable":true,"href":"https:\/\/www.fischer-group.ch\/de\/wp-json\/wp\/v2\/pages\/698"}],"wp:attachment":[{"href":"https:\/\/www.fischer-group.ch\/de\/wp-json\/wp\/v2\/media?parent=782"}],"curies":[{"name":"wp","href":"https:\/\/api.w.org\/{rel}","templated":true}]}}