{"id":746,"date":"2018-11-20T15:33:34","date_gmt":"2018-11-20T14:33:34","guid":{"rendered":"https:\/\/fischer-group.ch\/intermediates\/"},"modified":"2019-05-22T13:56:24","modified_gmt":"2019-05-22T11:56:24","slug":"intermediates","status":"publish","type":"page","link":"https:\/\/www.fischer-group.ch\/de\/fischer-chemicals\/pharma\/intermediates\/","title":{"rendered":"Intermediates"},"content":{"rendered":"<div id=\"pl-746\"  class=\"panel-layout\" ><div id=\"pg-746-0\"  class=\"panel-grid panel-has-style\" ><div class=\"inside-content panel-row-style panel-row-style-for-746-0\" ><div id=\"pgc-746-0-0\"  class=\"panel-grid-cell\" ><div id=\"panel-746-0-0-0\" class=\"so-panel widget widget_sow-image panel-first-child panel-last-child\" data-index=\"0\" ><div\n\t\t\t\n\t\t\tclass=\"so-widget-sow-image so-widget-sow-image-default-8b5b6f678277-746\"\n\t\t\t\n\t\t>\n<div class=\"sow-image-container\">\n\t\t<img \n\tsrc=\"https:\/\/www.fischer-group.ch\/wp-content\/uploads\/2018\/12\/shutterstock_1182257017.jpg\" width=\"1000\" height=\"1000\" srcset=\"https:\/\/www.fischer-group.ch\/wp-content\/uploads\/2018\/12\/shutterstock_1182257017.jpg 1000w, https:\/\/www.fischer-group.ch\/wp-content\/uploads\/2018\/12\/shutterstock_1182257017-150x150.jpg 150w, https:\/\/www.fischer-group.ch\/wp-content\/uploads\/2018\/12\/shutterstock_1182257017-300x300.jpg 300w, https:\/\/www.fischer-group.ch\/wp-content\/uploads\/2018\/12\/shutterstock_1182257017-768x768.jpg 768w, https:\/\/www.fischer-group.ch\/wp-content\/uploads\/2018\/12\/shutterstock_1182257017-600x600.jpg 600w\" sizes=\"(max-width: 1000px) 100vw, 1000px\" alt=\"\" \t\tclass=\"so-widget-image\"\/>\n\t<\/div>\n\n<\/div><\/div><\/div><div id=\"pgc-746-0-1\"  class=\"panel-grid-cell\" ><div id=\"panel-746-0-1-0\" class=\"so-panel widget widget_sow-editor panel-first-child panel-last-child\" data-index=\"1\" ><div\n\t\t\t\n\t\t\tclass=\"so-widget-sow-editor so-widget-sow-editor-base\"\n\t\t\t\n\t\t>\n<div class=\"siteorigin-widget-tinymce textwidget\">\n\t<p>In enger Zusammenarbeit mit unserem chinesischen Partner beschaffen und entwickeln wir Zwischenprodukte f\u00fcr den Pharmamarkt.<\/p>\n<p>Neben verschiedenen Zwischenprodukten beliefern wir die Industrie u.a.  mit den folgenden Produkten: <\/p>\n<ul>\n<li>Corey Alkohol Zwischenprodukt f\u00fcr Prostaglandine<\/li>\n<li>Diazepin-Zwischenprodukte f\u00fcr Antipsychotika<\/li>\n<li>Azetidinon-Zwischenprodukte f\u00fcr Zytostatika<\/li>\n<li>Furan-Zwischenprodukte f\u00fcr Blutdrucksenker<\/li>\n<\/ul>\n<p>F\u00fcr konkreten Bedarf und Anfragen stehen wir Ihnen jederzeit gerne zur Verf\u00fcgung.<\/p>\n<\/div>\n<\/div><\/div><\/div><\/div><\/div><\/div>","protected":false},"excerpt":{"rendered":"<p>In enger Zusammenarbeit mit unserem chinesischen Partner beschaffen und entwickeln wir Zwischenprodukte f\u00fcr den Pharmamarkt. Neben verschiedenen Zwischenprodukten beliefern wir die Industrie u.a. mit den folgenden Produkten: Corey Alkohol Zwischenprodukt f\u00fcr Prostaglandine Diazepin-Zwischenprodukte f\u00fcr Antipsychotika Azetidinon-Zwischenprodukte f\u00fcr Zytostatika Furan-Zwischenprodukte f\u00fcr Blutdrucksenker F\u00fcr konkreten Bedarf und Anfragen stehen wir Ihnen jederzeit gerne zur Verf\u00fcgung.<\/p>\n","protected":false},"author":1,"featured_media":0,"parent":765,"menu_order":0,"comment_status":"closed","ping_status":"closed","template":"","meta":{"footnotes":""},"class_list":["post-746","page","type-page","status-publish","hentry"],"aioseo_notices":[],"_links":{"self":[{"href":"https:\/\/www.fischer-group.ch\/de\/wp-json\/wp\/v2\/pages\/746","targetHints":{"allow":["GET"]}}],"collection":[{"href":"https:\/\/www.fischer-group.ch\/de\/wp-json\/wp\/v2\/pages"}],"about":[{"href":"https:\/\/www.fischer-group.ch\/de\/wp-json\/wp\/v2\/types\/page"}],"author":[{"embeddable":true,"href":"https:\/\/www.fischer-group.ch\/de\/wp-json\/wp\/v2\/users\/1"}],"replies":[{"embeddable":true,"href":"https:\/\/www.fischer-group.ch\/de\/wp-json\/wp\/v2\/comments?post=746"}],"version-history":[{"count":2,"href":"https:\/\/www.fischer-group.ch\/de\/wp-json\/wp\/v2\/pages\/746\/revisions"}],"predecessor-version":[{"id":748,"href":"https:\/\/www.fischer-group.ch\/de\/wp-json\/wp\/v2\/pages\/746\/revisions\/748"}],"up":[{"embeddable":true,"href":"https:\/\/www.fischer-group.ch\/de\/wp-json\/wp\/v2\/pages\/765"}],"wp:attachment":[{"href":"https:\/\/www.fischer-group.ch\/de\/wp-json\/wp\/v2\/media?parent=746"}],"curies":[{"name":"wp","href":"https:\/\/api.w.org\/{rel}","templated":true}]}}