{"id":698,"date":"2018-11-21T14:51:40","date_gmt":"2018-11-21T13:51:40","guid":{"rendered":"https:\/\/fischer-group.ch\/fischer-chemicals\/"},"modified":"2019-09-02T12:45:15","modified_gmt":"2019-09-02T10:45:15","slug":"fischer-chemicals","status":"publish","type":"page","link":"https:\/\/www.fischer-group.ch\/de\/fischer-chemicals\/","title":{"rendered":"Fischer Chemicals"},"content":{"rendered":"<div id=\"pl-698\"  class=\"panel-layout\" ><div id=\"pg-698-0\"  class=\"panel-grid panel-has-style\" ><div class=\"chemicals-home panel-row-style panel-row-style-for-698-0\" ><div id=\"pgc-698-0-0\"  class=\"panel-grid-cell\" ><div id=\"panel-698-0-0-0\" class=\"so-panel widget widget_sow-editor panel-first-child panel-last-child\" data-index=\"0\" ><div\n\t\t\t\n\t\t\tclass=\"so-widget-sow-editor so-widget-sow-editor-base\"\n\t\t\t\n\t\t>\n<div class=\"siteorigin-widget-tinymce textwidget\">\n\t<p>Bridge the space.<\/p>\n<p>Wir sind als Distributor, H\u00e4ndler und Dienstleister f\u00fcr pharmazeutische Wirkstoffe (API), Hilfsstoffe, Zwischenprodukte, Fertigformen\/Registrierungsdossiers und Lebensmittelroh- und zusatzstoffe f\u00fchrend.<\/p>\n<p>Dank unserer langj\u00e4hrigen Erfahrung, unseres Wissens und unseres erstklassigen Netzwerks \u00fcberwinden wir die Entfernungen, die den Hersteller und seine Partner vom Kunden trennen. Die Einhaltung internationaler Richtlinien in Bezug auf den Transport, Lagerung und Vermarktung pharmazeutischer Stoffen verlangt uns immer gr\u00f6\u00dfere Anstrengungen und Kontrollen ab. Eine unserer Aufgaben besteht darin, unsere Partner diesbez\u00fcglich zu entlasten. <\/p>\n<\/div>\n<\/div><\/div><\/div><\/div><\/div><\/div>","protected":false},"excerpt":{"rendered":"<p>Bridge the space. Wir sind als Distributor, H\u00e4ndler und Dienstleister f\u00fcr pharmazeutische Wirkstoffe (API), Hilfsstoffe, Zwischenprodukte, Fertigformen\/Registrierungsdossiers und Lebensmittelroh- und zusatzstoffe f\u00fchrend. Dank unserer langj\u00e4hrigen Erfahrung, unseres Wissens und unseres erstklassigen Netzwerks \u00fcberwinden wir die Entfernungen, die den Hersteller und seine Partner vom Kunden trennen. Die Einhaltung internationaler Richtlinien in Bezug auf den Transport, Lagerung [&hellip;]<\/p>\n","protected":false},"author":1,"featured_media":0,"parent":0,"menu_order":0,"comment_status":"closed","ping_status":"closed","template":"","meta":{"footnotes":""},"class_list":["post-698","page","type-page","status-publish","hentry"],"aioseo_notices":[],"_links":{"self":[{"href":"https:\/\/www.fischer-group.ch\/de\/wp-json\/wp\/v2\/pages\/698","targetHints":{"allow":["GET"]}}],"collection":[{"href":"https:\/\/www.fischer-group.ch\/de\/wp-json\/wp\/v2\/pages"}],"about":[{"href":"https:\/\/www.fischer-group.ch\/de\/wp-json\/wp\/v2\/types\/page"}],"author":[{"embeddable":true,"href":"https:\/\/www.fischer-group.ch\/de\/wp-json\/wp\/v2\/users\/1"}],"replies":[{"embeddable":true,"href":"https:\/\/www.fischer-group.ch\/de\/wp-json\/wp\/v2\/comments?post=698"}],"version-history":[{"count":3,"href":"https:\/\/www.fischer-group.ch\/de\/wp-json\/wp\/v2\/pages\/698\/revisions"}],"predecessor-version":[{"id":978,"href":"https:\/\/www.fischer-group.ch\/de\/wp-json\/wp\/v2\/pages\/698\/revisions\/978"}],"wp:attachment":[{"href":"https:\/\/www.fischer-group.ch\/de\/wp-json\/wp\/v2\/media?parent=698"}],"curies":[{"name":"wp","href":"https:\/\/api.w.org\/{rel}","templated":true}]}}